{"id":95,"date":"2016-04-13T11:08:19","date_gmt":"2016-04-13T10:08:19","guid":{"rendered":"http:\/\/www.noda.archi\/?page_id=95"},"modified":"2018-06-10T09:56:09","modified_gmt":"2018-06-10T09:56:09","slug":"noda","status":"publish","type":"page","link":"http:\/\/www.noda.archi\/fr\/noda\/","title":{"rendered":"noda"},"content":{"rendered":"[vc_section el_class=\u00a0\u00bbmax_600&Prime;][vc_row][vc_column][vc_column_text]<strong>NODA<\/strong> est une jeune agence d&rsquo;architecture cr\u00e9\u00e9e d\u00e9but 2016 par un architecte italien Amedeo Cosenza et un designer industriel fran\u00e7ais Nicolas Roux. La synergie de notre pluridisciplinarit\u00e9, que nous avons exp\u00e9riment\u00e9e d\u00e8s nos d\u00e9buts, a conduit naturellement \u00e0 notre collaboration. NODA est donc la combinaison de deux diff\u00e9rentes approches cr\u00e9atives r\u00e9unies sous une m\u00eame vision. Nous sommes bas\u00e9s en France et en Chine, ce qui nous permet de d\u00e9couvrir continuellement, d&rsquo;\u00eatre inspir\u00e9s et d&rsquo;innover pour offrir la meilleure des solutions pour nos clients, partout o\u00f9 ils se trouvent.[\/vc_column_text][\/vc_column][\/vc_row][vc_row][vc_column width=\u00a0\u00bb1\/2&Prime;][vc_single_image image=\u00a0\u00bb435&Prime; img_size=\u00a0\u00bbfull\u00a0\u00bb alignment=\u00a0\u00bbcenter\u00a0\u00bb][vc_column_text]<strong>Amedeo Cosenza<\/strong> a commenc\u00e9 par des \u00e9tudes techniques dans le G\u00e9nie Civil, pour ensuite int\u00e9grer l\u2019\u00c9cole Nationale Sup\u00e9rieure d\u2019Architecture de Nantes (ENSAN) dont il est dipl\u00f4m\u00e9 en 2011. Il a initialement travaill\u00e9 au sein de diff\u00e9rentes agences d\u2019architecture, et a ainsi pu se forger une solide exp\u00e9rience \u00e0 travers la gestion de projets publics et r\u00e9sidentiels priv\u00e9s et a d\u00e9velopp\u00e9 une r\u00e9elle expertise sur les chantiers. Dans le m\u00eame temps, il obtient son HMONP.[\/vc_column_text][\/vc_column][vc_column width=\u00a0\u00bb1\/2&Prime;][vc_single_image image=\u00a0\u00bb432&Prime; img_size=\u00a0\u00bbfull\u00a0\u00bb alignment=\u00a0\u00bbcenter\u00a0\u00bb][vc_column_text]<strong>Nicolas Roux<\/strong> est dipl\u00f4m\u00e9 en 2009 de l\u2019\u00c9cole de Design de Nantes Atlantique (EDNA) et est sp\u00e9cialis\u00e9 en design industriel. Il finit son cursus en Chine pour \u00e9voluer \u00e0 une dimension internationale, et d\u00e9cide par la suite de s\u2019y installer. Il a \u00e9volu\u00e9 dans diff\u00e9rentes structures, entreprise class\u00e9e Fortune 500, agences de design et innovation et start-up pour des projets locaux et internationaux. Son champ d\u2019action l\u2019a emmen\u00e9 \u00e0 travailler sur des projets de design formel tout comme sur des \u00e9tudes d\u2019usage.[\/vc_column_text][\/vc_column][\/vc_row][vc_row][vc_column][vc_column_text]<strong>NODA<\/strong>, c\u2019est avant tout proposer \u00e0 nos clients une vision singuli\u00e8re de l\u2019architecture &#8211; responsable, minimale et efficace pour que nos cr\u00e9ations soient des espaces de vie, et non des architectures vides. Pour cela, nous favorisons l\u2019\u00e9coute du client en basant notre r\u00e9flexion sur l\u2019utilisateur et son environnement, et en l\u2019int\u00e9grant dans le processus de cr\u00e9ation. Cette approche nous permet d\u2019optimiser l\u2019usage et de donner une solution la plus honn\u00eate et pr\u00e9cise qu\u2019elle soit. C\u2019est ainsi que nous amenons l\u2019architecture et le design industriel \u00e0 coop\u00e9rer sous la m\u00eame entit\u00e9, pour capturer chaque \u00e9l\u00e9ment n\u00e9cessaire \u00e0 un projet abouti.[\/vc_column_text][vc_column_text]<strong>NODA<\/strong> privil\u00e9gie une d\u00e9marche qui repose sur la rigueur, caract\u00e9ristique essentielle \u00e0 la r\u00e9ussite de l\u2019ouvrage, tant dans la planification que la communication et le suivi. Nous avons cr\u00e9\u00e9 <strong>NODA<\/strong> avec passion, et nous serions ravis de la partager avec vous.[\/vc_column_text][\/vc_column][\/vc_row][\/vc_section]","protected":false},"excerpt":{"rendered":"<p>[vc_section el_class=\u00a0\u00bbmax_600&Prime;][vc_row][vc_column][vc_column_text]NODA est une jeune agence d&rsquo;architecture cr\u00e9\u00e9e d\u00e9but 2016 par un architecte italien Amedeo Cosenza et un designer industriel fran\u00e7ais Nicolas Roux. La synergie de notre pluridisciplinarit\u00e9, que nous avons exp\u00e9riment\u00e9e d\u00e8s nos d\u00e9buts, a conduit naturellement \u00e0 notre<\/p>\n","protected":false},"author":1,"featured_media":0,"parent":0,"menu_order":1,"comment_status":"closed","ping_status":"closed","template":"","meta":{"_monsterinsights_skip_tracking":false,"_monsterinsights_sitenote_active":false,"_monsterinsights_sitenote_note":"","_monsterinsights_sitenote_category":0,"footnotes":""},"yoast_head":"<!-- This site is optimized with the Yoast SEO plugin v23.5 - https:\/\/yoast.com\/wordpress\/plugins\/seo\/ -->\n<title>noda - NODA<\/title>\n<meta name=\"robots\" content=\"index, follow, max-snippet:-1, max-image-preview:large, max-video-preview:-1\" \/>\n<link rel=\"canonical\" href=\"https:\/\/www.noda.archi\/en\/noda\/\" \/>\n<meta property=\"og:locale\" content=\"fr_FR\" \/>\n<meta property=\"og:type\" content=\"article\" \/>\n<meta property=\"og:title\" content=\"noda - NODA\" \/>\n<meta property=\"og:description\" content=\"[vc_section el_class=\u00a0\u00bbmax_600&Prime;][vc_row][vc_column][vc_column_text]NODA est une jeune agence d&rsquo;architecture cr\u00e9\u00e9e d\u00e9but 2016 par un architecte italien Amedeo Cosenza et un designer industriel fran\u00e7ais Nicolas Roux. La synergie de notre pluridisciplinarit\u00e9, que nous avons exp\u00e9riment\u00e9e d\u00e8s nos d\u00e9buts, a conduit naturellement \u00e0 notre\" \/>\n<meta property=\"og:url\" content=\"https:\/\/www.noda.archi\/en\/noda\/\" \/>\n<meta property=\"og:site_name\" content=\"NODA\" \/>\n<meta property=\"article:modified_time\" content=\"2018-06-10T09:56:09+00:00\" \/>\n<meta name=\"twitter:card\" content=\"summary_large_image\" \/>\n<meta name=\"twitter:label1\" content=\"Dur\u00e9e de lecture estim\u00e9e\" \/>\n\t<meta name=\"twitter:data1\" content=\"5 minutes\" \/>\n<script type=\"application\/ld+json\" class=\"yoast-schema-graph\">{\"@context\":\"https:\/\/schema.org\",\"@graph\":[{\"@type\":\"WebPage\",\"@id\":\"https:\/\/www.noda.archi\/en\/noda\/\",\"url\":\"https:\/\/www.noda.archi\/en\/noda\/\",\"name\":\"noda - NODA\",\"isPartOf\":{\"@id\":\"http:\/\/www.noda.archi\/fr\/#website\"},\"datePublished\":\"2016-04-13T10:08:19+00:00\",\"dateModified\":\"2018-06-10T09:56:09+00:00\",\"breadcrumb\":{\"@id\":\"https:\/\/www.noda.archi\/en\/noda\/#breadcrumb\"},\"inLanguage\":\"fr-FR\",\"potentialAction\":[{\"@type\":\"ReadAction\",\"target\":[\"https:\/\/www.noda.archi\/en\/noda\/\"]}]},{\"@type\":\"BreadcrumbList\",\"@id\":\"https:\/\/www.noda.archi\/en\/noda\/#breadcrumb\",\"itemListElement\":[{\"@type\":\"ListItem\",\"position\":1,\"name\":\"Accueil\",\"item\":\"https:\/\/www.noda.archi\/fr\/\"},{\"@type\":\"ListItem\",\"position\":2,\"name\":\"noda\"}]},{\"@type\":\"WebSite\",\"@id\":\"http:\/\/www.noda.archi\/fr\/#website\",\"url\":\"http:\/\/www.noda.archi\/fr\/\",\"name\":\"NODA\",\"description\":\"design + architecture\",\"publisher\":{\"@id\":\"http:\/\/www.noda.archi\/fr\/#organization\"},\"potentialAction\":[{\"@type\":\"SearchAction\",\"target\":{\"@type\":\"EntryPoint\",\"urlTemplate\":\"http:\/\/www.noda.archi\/fr\/?s={search_term_string}\"},\"query-input\":{\"@type\":\"PropertyValueSpecification\",\"valueRequired\":true,\"valueName\":\"search_term_string\"}}],\"inLanguage\":\"fr-FR\"},{\"@type\":\"Organization\",\"@id\":\"http:\/\/www.noda.archi\/fr\/#organization\",\"name\":\"NODA\",\"url\":\"http:\/\/www.noda.archi\/fr\/\",\"logo\":{\"@type\":\"ImageObject\",\"inLanguage\":\"fr-FR\",\"@id\":\"http:\/\/www.noda.archi\/fr\/#\/schema\/logo\/image\/\",\"url\":\"http:\/\/www.noda.archi\/wp-content\/uploads\/2016\/06\/LOGO-NODA-1.png\",\"contentUrl\":\"http:\/\/www.noda.archi\/wp-content\/uploads\/2016\/06\/LOGO-NODA-1.png\",\"width\":1772,\"height\":627,\"caption\":\"NODA\"},\"image\":{\"@id\":\"http:\/\/www.noda.archi\/fr\/#\/schema\/logo\/image\/\"}}]}<\/script>\n<!-- \/ Yoast SEO plugin. -->","yoast_head_json":{"title":"noda - NODA","robots":{"index":"index","follow":"follow","max-snippet":"max-snippet:-1","max-image-preview":"max-image-preview:large","max-video-preview":"max-video-preview:-1"},"canonical":"https:\/\/www.noda.archi\/en\/noda\/","og_locale":"fr_FR","og_type":"article","og_title":"noda - NODA","og_description":"[vc_section el_class=\u00a0\u00bbmax_600&Prime;][vc_row][vc_column][vc_column_text]NODA est une jeune agence d&rsquo;architecture cr\u00e9\u00e9e d\u00e9but 2016 par un architecte italien Amedeo Cosenza et un designer industriel fran\u00e7ais Nicolas Roux. La synergie de notre pluridisciplinarit\u00e9, que nous avons exp\u00e9riment\u00e9e d\u00e8s nos d\u00e9buts, a conduit naturellement \u00e0 notre","og_url":"https:\/\/www.noda.archi\/en\/noda\/","og_site_name":"NODA","article_modified_time":"2018-06-10T09:56:09+00:00","twitter_card":"summary_large_image","twitter_misc":{"Dur\u00e9e de lecture estim\u00e9e":"5 minutes"},"schema":{"@context":"https:\/\/schema.org","@graph":[{"@type":"WebPage","@id":"https:\/\/www.noda.archi\/en\/noda\/","url":"https:\/\/www.noda.archi\/en\/noda\/","name":"noda - NODA","isPartOf":{"@id":"http:\/\/www.noda.archi\/fr\/#website"},"datePublished":"2016-04-13T10:08:19+00:00","dateModified":"2018-06-10T09:56:09+00:00","breadcrumb":{"@id":"https:\/\/www.noda.archi\/en\/noda\/#breadcrumb"},"inLanguage":"fr-FR","potentialAction":[{"@type":"ReadAction","target":["https:\/\/www.noda.archi\/en\/noda\/"]}]},{"@type":"BreadcrumbList","@id":"https:\/\/www.noda.archi\/en\/noda\/#breadcrumb","itemListElement":[{"@type":"ListItem","position":1,"name":"Accueil","item":"https:\/\/www.noda.archi\/fr\/"},{"@type":"ListItem","position":2,"name":"noda"}]},{"@type":"WebSite","@id":"http:\/\/www.noda.archi\/fr\/#website","url":"http:\/\/www.noda.archi\/fr\/","name":"NODA","description":"design + architecture","publisher":{"@id":"http:\/\/www.noda.archi\/fr\/#organization"},"potentialAction":[{"@type":"SearchAction","target":{"@type":"EntryPoint","urlTemplate":"http:\/\/www.noda.archi\/fr\/?s={search_term_string}"},"query-input":{"@type":"PropertyValueSpecification","valueRequired":true,"valueName":"search_term_string"}}],"inLanguage":"fr-FR"},{"@type":"Organization","@id":"http:\/\/www.noda.archi\/fr\/#organization","name":"NODA","url":"http:\/\/www.noda.archi\/fr\/","logo":{"@type":"ImageObject","inLanguage":"fr-FR","@id":"http:\/\/www.noda.archi\/fr\/#\/schema\/logo\/image\/","url":"http:\/\/www.noda.archi\/wp-content\/uploads\/2016\/06\/LOGO-NODA-1.png","contentUrl":"http:\/\/www.noda.archi\/wp-content\/uploads\/2016\/06\/LOGO-NODA-1.png","width":1772,"height":627,"caption":"NODA"},"image":{"@id":"http:\/\/www.noda.archi\/fr\/#\/schema\/logo\/image\/"}}]}},"_links":{"self":[{"href":"http:\/\/www.noda.archi\/fr\/wp-json\/wp\/v2\/pages\/95"}],"collection":[{"href":"http:\/\/www.noda.archi\/fr\/wp-json\/wp\/v2\/pages"}],"about":[{"href":"http:\/\/www.noda.archi\/fr\/wp-json\/wp\/v2\/types\/page"}],"author":[{"embeddable":true,"href":"http:\/\/www.noda.archi\/fr\/wp-json\/wp\/v2\/users\/1"}],"replies":[{"embeddable":true,"href":"http:\/\/www.noda.archi\/fr\/wp-json\/wp\/v2\/comments?post=95"}],"version-history":[{"count":31,"href":"http:\/\/www.noda.archi\/fr\/wp-json\/wp\/v2\/pages\/95\/revisions"}],"predecessor-version":[{"id":1011,"href":"http:\/\/www.noda.archi\/fr\/wp-json\/wp\/v2\/pages\/95\/revisions\/1011"}],"wp:attachment":[{"href":"http:\/\/www.noda.archi\/fr\/wp-json\/wp\/v2\/media?parent=95"}],"curies":[{"name":"wp","href":"https:\/\/api.w.org\/{rel}","templated":true}]}}