{"id":146,"date":"2016-04-14T05:59:11","date_gmt":"2016-04-14T04:59:11","guid":{"rendered":"http:\/\/www.noda.archi\/?page_id=146"},"modified":"2020-06-30T11:50:59","modified_gmt":"2020-06-30T11:50:59","slug":"contact","status":"publish","type":"page","link":"https:\/\/www.noda.archi\/en\/contact\/","title":{"rendered":"contact"},"content":{"rendered":"[vc_row][vc_column width=&#8221;1\/2&#8243;][vc_custom_heading text=&#8221;NODA is an architecture and design agency based in Poitiers, FRANCE&#8221; font_container=&#8221;tag:h4|text_align:left&#8221; use_theme_fonts=&#8221;yes&#8221;][vc_column_text]For any request regarding your future project,<br \/>\nin France, China, or anywhere else, please contact us,<br \/>\nwe will be glad to meet you.[\/vc_column_text][vc_column_text]<a href=\"mailto:contact@noda.archi\">contact@noda.archi<\/a>[\/vc_column_text][vc_separator][vc_custom_heading text=&#8221;NODA&#8221; font_container=&#8221;tag:h4|text_align:left&#8221; use_theme_fonts=&#8221;yes&#8221;][vc_column_text]<strong>FRANCE<\/strong><br \/>\nAmedeo Cosenza<br \/>\n16 rue Sylvain Drault<br \/>\n86000 Poitiers, FRANCE<br \/>\ntel 06 87 19 95 98[\/vc_column_text][vc_column_text]<strong>CHINA<\/strong><br \/>\nNicolas Roux<br \/>\nShanghai, China[\/vc_column_text][\/vc_column][vc_column width=&#8221;1\/2&#8243;][vc_custom_heading text=&#8221;Contact form&#8221; font_container=&#8221;tag:h4|text_align:left&#8221; use_theme_fonts=&#8221;yes&#8221;]\n<div class=\"wpcf7 no-js\" id=\"wpcf7-f323-o2\" lang=\"fr-FR\" dir=\"ltr\">\n<div class=\"screen-reader-response\"><p role=\"status\" aria-live=\"polite\" aria-atomic=\"true\"><\/p> <ul><\/ul><\/div>\n<form action=\"\/en\/wp-json\/wp\/v2\/pages\/146#wpcf7-f323-o2\" method=\"post\" class=\"wpcf7-form init\" aria-label=\"Formulaire de contact\" novalidate=\"novalidate\" data-status=\"init\">\n<div style=\"display: none;\">\n<input type=\"hidden\" name=\"_wpcf7\" value=\"323\" \/>\n<input type=\"hidden\" name=\"_wpcf7_version\" value=\"5.9.8\" \/>\n<input type=\"hidden\" name=\"_wpcf7_locale\" value=\"fr_FR\" \/>\n<input type=\"hidden\" name=\"_wpcf7_unit_tag\" value=\"wpcf7-f323-o2\" \/>\n<input type=\"hidden\" name=\"_wpcf7_container_post\" value=\"0\" \/>\n<input type=\"hidden\" name=\"_wpcf7_posted_data_hash\" value=\"\" \/>\n<\/div>\n<p>Your name (required)\n<\/p>\n<p><span class=\"wpcf7-form-control-wrap\" data-name=\"your-name\"><input size=\"40\" maxlength=\"400\" class=\"wpcf7-form-control wpcf7-text wpcf7-validates-as-required\" aria-required=\"true\" aria-invalid=\"false\" value=\"\" type=\"text\" name=\"your-name\" \/><\/span>\n<\/p>\n<p>Your email (required)\n<\/p>\n<p><span class=\"wpcf7-form-control-wrap\" data-name=\"your-email\"><input size=\"40\" maxlength=\"400\" class=\"wpcf7-form-control wpcf7-email wpcf7-validates-as-required wpcf7-text wpcf7-validates-as-email\" aria-required=\"true\" aria-invalid=\"false\" value=\"\" type=\"email\" name=\"your-email\" \/><\/span>\n<\/p>\n<p>Subject\n<\/p>\n<p><span class=\"wpcf7-form-control-wrap\" data-name=\"your-subject\"><input size=\"40\" maxlength=\"400\" class=\"wpcf7-form-control wpcf7-text\" aria-invalid=\"false\" value=\"\" type=\"text\" name=\"your-subject\" \/><\/span>\n<\/p>\n<p>Your message\n<\/p>\n<p><span class=\"wpcf7-form-control-wrap\" data-name=\"your-message\"><textarea cols=\"40\" rows=\"10\" maxlength=\"2000\" class=\"wpcf7-form-control wpcf7-textarea\" aria-invalid=\"false\" name=\"your-message\"><\/textarea><\/span>\n<\/p>\n<p><input class=\"wpcf7-form-control wpcf7-submit has-spinner\" type=\"submit\" value=\"submit\" \/>\n<\/p><p style=\"display: none !important;\" class=\"akismet-fields-container\" data-prefix=\"_wpcf7_ak_\"><label>&#916;<textarea name=\"_wpcf7_ak_hp_textarea\" cols=\"45\" rows=\"8\" maxlength=\"100\"><\/textarea><\/label><input type=\"hidden\" id=\"ak_js_2\" name=\"_wpcf7_ak_js\" value=\"207\"\/><script>document.getElementById( \"ak_js_2\" ).setAttribute( \"value\", ( new Date() ).getTime() );<\/script><\/p><div class=\"wpcf7-response-output\" aria-hidden=\"true\"><\/div>\n<\/form>\n<\/div>\n[\/vc_column][\/vc_row][vc_row][vc_column][vc_separator][\/vc_column][\/vc_row][vc_row][vc_column width=&#8221;1\/3&#8243;][vc_custom_heading text=&#8221;mentions l\u00e9gales&#8221; font_container=&#8221;tag:h4|text_align:left&#8221; use_theme_fonts=&#8221;yes&#8221;][vc_column_text]NODA<br \/>\nActivit\u00e9 d&#8217;architecture[\/vc_column_text][\/vc_column][vc_column width=&#8221;1\/3&#8243;][vc_column_text]16 rue Sylvain Drault<br \/>\n86000 Poitiers<br \/>\ntel 06 87 19 95 98<\/p>\n<p>SARL au capital de 5000\u20ac<br \/>\nSIRET 82072572900017<br \/>\nRCS 820725729 R.C.S. Poitiers[\/vc_column_text][\/vc_column][vc_column width=&#8221;1\/3&#8243;][vc_column_text]Site r\u00e9alis\u00e9 avec WordPress par NODA<br \/>\nResponsable de publication : Nicolas Roux<br \/>\nNicolas Roux &#8211; Shanghai &#8211; R.P.Chine<\/p>\n<p>h\u00e9berg\u00e9 par OVH<br \/>\n2 rue Kellermann &#8211; 59100 Roubaix &#8211; France<br \/>\nwww.ovh.com[\/vc_column_text][\/vc_column][\/vc_row]","protected":false},"excerpt":{"rendered":"<p>[vc_row][vc_column width=&#8221;1\/2&#8243;][vc_custom_heading text=&#8221;NODA is an architecture and design agency based in Poitiers, FRANCE&#8221; font_container=&#8221;tag:h4|text_align:left&#8221; use_theme_fonts=&#8221;yes&#8221;][vc_column_text]For any request regarding your future project, in France, China, or anywhere else, please contact us, we will be glad to meet you.[\/vc_column_text][vc_column_text]contact@noda.archi[\/vc_column_text][vc_separator][vc_custom_heading text=&#8221;NODA&#8221; font_container=&#8221;tag:h4|text_align:left&#8221; use_theme_fonts=&#8221;yes&#8221;][vc_column_text]FRANCE<\/p>\n","protected":false},"author":1,"featured_media":0,"parent":0,"menu_order":4,"comment_status":"closed","ping_status":"closed","template":"","meta":{"_monsterinsights_skip_tracking":false,"_monsterinsights_sitenote_active":false,"_monsterinsights_sitenote_note":"","_monsterinsights_sitenote_category":0,"footnotes":""},"yoast_head":"<!-- This site is optimized with the Yoast SEO plugin v23.5 - https:\/\/yoast.com\/wordpress\/plugins\/seo\/ -->\n<title>NODA architecture + design \/ Poitiers - Vienne - Poitou-Charentes<\/title>\n<meta name=\"description\" content=\"NODA est une agence d&#039;architecture et design bas\u00e9 sur Poitiers. Nous travaillons cependant sur des projets partout en France et \u00e0 l&#039;\u00e9tranger.\" \/>\n<meta name=\"robots\" content=\"index, follow, max-snippet:-1, max-image-preview:large, max-video-preview:-1\" \/>\n<link rel=\"canonical\" href=\"http:\/\/www.noda.archi\/fr\/contact\/\" \/>\n<meta property=\"og:locale\" content=\"en_US\" \/>\n<meta property=\"og:type\" content=\"article\" \/>\n<meta property=\"og:title\" content=\"NODA architecture + design \/ Poitiers - Vienne - Poitou-Charentes\" \/>\n<meta property=\"og:description\" content=\"NODA est une agence d&#039;architecture et design bas\u00e9 sur Poitiers. Nous travaillons cependant sur des projets partout en France et \u00e0 l&#039;\u00e9tranger.\" \/>\n<meta property=\"og:url\" content=\"http:\/\/www.noda.archi\/fr\/contact\/\" \/>\n<meta property=\"og:site_name\" content=\"NODA\" \/>\n<meta property=\"article:modified_time\" content=\"2020-06-30T11:50:59+00:00\" \/>\n<meta name=\"twitter:card\" content=\"summary_large_image\" \/>\n<meta name=\"twitter:label1\" content=\"Est. reading time\" \/>\n\t<meta name=\"twitter:data1\" content=\"3 minutes\" \/>\n<script type=\"application\/ld+json\" class=\"yoast-schema-graph\">{\"@context\":\"https:\/\/schema.org\",\"@graph\":[{\"@type\":\"WebPage\",\"@id\":\"http:\/\/www.noda.archi\/fr\/contact\/\",\"url\":\"http:\/\/www.noda.archi\/fr\/contact\/\",\"name\":\"NODA architecture + design \/ Poitiers - Vienne - Poitou-Charentes\",\"isPartOf\":{\"@id\":\"http:\/\/www.noda.archi\/fr\/#website\"},\"datePublished\":\"2016-04-14T04:59:11+00:00\",\"dateModified\":\"2020-06-30T11:50:59+00:00\",\"description\":\"NODA est une agence d'architecture et design bas\u00e9 sur Poitiers. Nous travaillons cependant sur des projets partout en France et \u00e0 l'\u00e9tranger.\",\"breadcrumb\":{\"@id\":\"http:\/\/www.noda.archi\/fr\/contact\/#breadcrumb\"},\"inLanguage\":\"en-US\",\"potentialAction\":[{\"@type\":\"ReadAction\",\"target\":[\"http:\/\/www.noda.archi\/fr\/contact\/\"]}]},{\"@type\":\"BreadcrumbList\",\"@id\":\"http:\/\/www.noda.archi\/fr\/contact\/#breadcrumb\",\"itemListElement\":[{\"@type\":\"ListItem\",\"position\":1,\"name\":\"Accueil\",\"item\":\"https:\/\/www.noda.archi\/fr\/\"},{\"@type\":\"ListItem\",\"position\":2,\"name\":\"contact\"}]},{\"@type\":\"WebSite\",\"@id\":\"http:\/\/www.noda.archi\/fr\/#website\",\"url\":\"http:\/\/www.noda.archi\/fr\/\",\"name\":\"NODA\",\"description\":\"design + architecture\",\"publisher\":{\"@id\":\"http:\/\/www.noda.archi\/fr\/#organization\"},\"potentialAction\":[{\"@type\":\"SearchAction\",\"target\":{\"@type\":\"EntryPoint\",\"urlTemplate\":\"http:\/\/www.noda.archi\/fr\/?s={search_term_string}\"},\"query-input\":{\"@type\":\"PropertyValueSpecification\",\"valueRequired\":true,\"valueName\":\"search_term_string\"}}],\"inLanguage\":\"en-US\"},{\"@type\":\"Organization\",\"@id\":\"http:\/\/www.noda.archi\/fr\/#organization\",\"name\":\"NODA\",\"url\":\"http:\/\/www.noda.archi\/fr\/\",\"logo\":{\"@type\":\"ImageObject\",\"inLanguage\":\"en-US\",\"@id\":\"http:\/\/www.noda.archi\/fr\/#\/schema\/logo\/image\/\",\"url\":\"http:\/\/www.noda.archi\/wp-content\/uploads\/2016\/06\/LOGO-NODA-1.png\",\"contentUrl\":\"http:\/\/www.noda.archi\/wp-content\/uploads\/2016\/06\/LOGO-NODA-1.png\",\"width\":1772,\"height\":627,\"caption\":\"NODA\"},\"image\":{\"@id\":\"http:\/\/www.noda.archi\/fr\/#\/schema\/logo\/image\/\"}}]}<\/script>\n<!-- \/ Yoast SEO plugin. -->","yoast_head_json":{"title":"NODA architecture + design \/ Poitiers - Vienne - Poitou-Charentes","description":"NODA est une agence d'architecture et design bas\u00e9 sur Poitiers. Nous travaillons cependant sur des projets partout en France et \u00e0 l'\u00e9tranger.","robots":{"index":"index","follow":"follow","max-snippet":"max-snippet:-1","max-image-preview":"max-image-preview:large","max-video-preview":"max-video-preview:-1"},"canonical":"http:\/\/www.noda.archi\/fr\/contact\/","og_locale":"en_US","og_type":"article","og_title":"NODA architecture + design \/ Poitiers - Vienne - Poitou-Charentes","og_description":"NODA est une agence d'architecture et design bas\u00e9 sur Poitiers. Nous travaillons cependant sur des projets partout en France et \u00e0 l'\u00e9tranger.","og_url":"http:\/\/www.noda.archi\/fr\/contact\/","og_site_name":"NODA","article_modified_time":"2020-06-30T11:50:59+00:00","twitter_card":"summary_large_image","twitter_misc":{"Est. reading time":"3 minutes"},"schema":{"@context":"https:\/\/schema.org","@graph":[{"@type":"WebPage","@id":"http:\/\/www.noda.archi\/fr\/contact\/","url":"http:\/\/www.noda.archi\/fr\/contact\/","name":"NODA architecture + design \/ Poitiers - Vienne - Poitou-Charentes","isPartOf":{"@id":"http:\/\/www.noda.archi\/fr\/#website"},"datePublished":"2016-04-14T04:59:11+00:00","dateModified":"2020-06-30T11:50:59+00:00","description":"NODA est une agence d'architecture et design bas\u00e9 sur Poitiers. Nous travaillons cependant sur des projets partout en France et \u00e0 l'\u00e9tranger.","breadcrumb":{"@id":"http:\/\/www.noda.archi\/fr\/contact\/#breadcrumb"},"inLanguage":"en-US","potentialAction":[{"@type":"ReadAction","target":["http:\/\/www.noda.archi\/fr\/contact\/"]}]},{"@type":"BreadcrumbList","@id":"http:\/\/www.noda.archi\/fr\/contact\/#breadcrumb","itemListElement":[{"@type":"ListItem","position":1,"name":"Accueil","item":"https:\/\/www.noda.archi\/fr\/"},{"@type":"ListItem","position":2,"name":"contact"}]},{"@type":"WebSite","@id":"http:\/\/www.noda.archi\/fr\/#website","url":"http:\/\/www.noda.archi\/fr\/","name":"NODA","description":"design + architecture","publisher":{"@id":"http:\/\/www.noda.archi\/fr\/#organization"},"potentialAction":[{"@type":"SearchAction","target":{"@type":"EntryPoint","urlTemplate":"http:\/\/www.noda.archi\/fr\/?s={search_term_string}"},"query-input":{"@type":"PropertyValueSpecification","valueRequired":true,"valueName":"search_term_string"}}],"inLanguage":"en-US"},{"@type":"Organization","@id":"http:\/\/www.noda.archi\/fr\/#organization","name":"NODA","url":"http:\/\/www.noda.archi\/fr\/","logo":{"@type":"ImageObject","inLanguage":"en-US","@id":"http:\/\/www.noda.archi\/fr\/#\/schema\/logo\/image\/","url":"http:\/\/www.noda.archi\/wp-content\/uploads\/2016\/06\/LOGO-NODA-1.png","contentUrl":"http:\/\/www.noda.archi\/wp-content\/uploads\/2016\/06\/LOGO-NODA-1.png","width":1772,"height":627,"caption":"NODA"},"image":{"@id":"http:\/\/www.noda.archi\/fr\/#\/schema\/logo\/image\/"}}]}},"_links":{"self":[{"href":"https:\/\/www.noda.archi\/en\/wp-json\/wp\/v2\/pages\/146"}],"collection":[{"href":"https:\/\/www.noda.archi\/en\/wp-json\/wp\/v2\/pages"}],"about":[{"href":"https:\/\/www.noda.archi\/en\/wp-json\/wp\/v2\/types\/page"}],"author":[{"embeddable":true,"href":"https:\/\/www.noda.archi\/en\/wp-json\/wp\/v2\/users\/1"}],"replies":[{"embeddable":true,"href":"https:\/\/www.noda.archi\/en\/wp-json\/wp\/v2\/comments?post=146"}],"version-history":[{"count":88,"href":"https:\/\/www.noda.archi\/en\/wp-json\/wp\/v2\/pages\/146\/revisions"}],"predecessor-version":[{"id":1677,"href":"https:\/\/www.noda.archi\/en\/wp-json\/wp\/v2\/pages\/146\/revisions\/1677"}],"wp:attachment":[{"href":"https:\/\/www.noda.archi\/en\/wp-json\/wp\/v2\/media?parent=146"}],"curies":[{"name":"wp","href":"https:\/\/api.w.org\/{rel}","templated":true}]}}