{"id":101,"date":"2016-04-13T11:23:47","date_gmt":"2016-04-13T10:23:47","guid":{"rendered":"http:\/\/www.noda.archi\/?page_id=101"},"modified":"2024-04-02T11:02:26","modified_gmt":"2024-04-02T11:02:26","slug":"projects","status":"publish","type":"page","link":"https:\/\/www.noda.archi\/fr\/projects\/","title":{"rendered":"projets"},"content":{"rendered":"<p class=\"qtranxs-available-languages-message qtranxs-available-languages-message-fr\">D\u00e9sol\u00e9, cet article est seulement disponible en <a href=\"https:\/\/www.noda.archi\/en\/wp-json\/wp\/v2\/pages\/101\" class=\"qtranxs-available-language-link qtranxs-available-language-link-en\" title=\"English\">anglais am\u00e9ricain<\/a>. Pour le confort de l\u2019utilisateur, le contenu est affich\u00e9 ci-dessous dans une autre langue. Vous pouvez cliquer le lien pour changer de langue active.<\/p>[vc_row full_width=\u00a0\u00bbstretch_row_content_no_spaces\u00a0\u00bb][vc_column][vc_basic_grid post_type=\u00a0\u00bbportfolio\u00a0\u00bb max_items=\u00a0\u00bb-1&Prime; show_filter=\u00a0\u00bbyes\u00a0\u00bb element_width=\u00a0\u00bb3&Prime; gap=\u00a0\u00bb0&Prime; filter_style=\u00a0\u00bbbordered\u00a0\u00bb filter_color=\u00a0\u00bbwhite\u00a0\u00bb item=\u00a0\u00bb961&Prime; grid_id=\u00a0\u00bbvc_gid:1606288241045-3ad9668b-97c7-7&Prime; filter_source=\u00a0\u00bbportfolio-type\u00a0\u00bb el_class=\u00a0\u00bbprojects_list\u00a0\u00bb][\/vc_column][\/vc_row]\n<p>&nbsp;","protected":false},"excerpt":{"rendered":"<p>D\u00e9sol\u00e9, cet article est seulement disponible en anglais am\u00e9ricain. Pour le confort de l\u2019utilisateur, le contenu est affich\u00e9 ci-dessous dans une autre langue. Vous pouvez cliquer le lien pour changer de langue active.[vc_row full_width=\u00a0\u00bbstretch_row_content_no_spaces\u00a0\u00bb][vc_column][vc_basic_grid post_type=\u00a0\u00bbportfolio\u00a0\u00bb max_items=\u00a0\u00bb-1&Prime; show_filter=\u00a0\u00bbyes\u00a0\u00bb element_width=\u00a0\u00bb3&Prime; gap=\u00a0\u00bb0&Prime; filter_style=\u00a0\u00bbbordered\u00a0\u00bb<\/p>\n","protected":false},"author":1,"featured_media":0,"parent":0,"menu_order":2,"comment_status":"closed","ping_status":"closed","template":"","meta":{"_monsterinsights_skip_tracking":false,"_monsterinsights_sitenote_active":false,"_monsterinsights_sitenote_note":"","_monsterinsights_sitenote_category":0,"footnotes":""},"yoast_head":"<!-- This site is optimized with the Yoast SEO plugin v23.5 - https:\/\/yoast.com\/wordpress\/plugins\/seo\/ -->\n<title>projets - NODA<\/title>\n<meta name=\"robots\" content=\"index, follow, max-snippet:-1, max-image-preview:large, max-video-preview:-1\" \/>\n<link rel=\"canonical\" href=\"http:\/\/www.noda.archi\/fr\/projects\/\" \/>\n<meta property=\"og:locale\" content=\"fr_FR\" \/>\n<meta property=\"og:type\" content=\"article\" \/>\n<meta property=\"og:title\" content=\"[:fr]projets[:en]projects[:] - NODA\" \/>\n<meta property=\"og:description\" content=\"D\u00e9sol\u00e9, cet article est seulement disponible en anglais am\u00e9ricain. Pour le confort de l\u2019utilisateur, le contenu est affich\u00e9 ci-dessous dans une autre langue. Vous pouvez cliquer le lien pour changer de langue active.[vc_row full_width=\u00a0\u00bbstretch_row_content_no_spaces\u00a0\u00bb][vc_column][vc_basic_grid post_type=\u00a0\u00bbportfolio\u00a0\u00bb max_items=\u00a0\u00bb-1&Prime; show_filter=\u00a0\u00bbyes\u00a0\u00bb element_width=\u00a0\u00bb3&Prime; gap=\u00a0\u00bb0&Prime; filter_style=\u00a0\u00bbbordered\u00a0\u00bb\" \/>\n<meta property=\"og:url\" content=\"http:\/\/www.noda.archi\/fr\/projects\/\" \/>\n<meta property=\"og:site_name\" content=\"NODA\" \/>\n<meta property=\"article:modified_time\" content=\"2024-04-02T11:02:26+00:00\" \/>\n<meta name=\"twitter:card\" content=\"summary_large_image\" \/>\n<meta name=\"twitter:label1\" content=\"Dur\u00e9e de lecture estim\u00e9e\" \/>\n\t<meta name=\"twitter:data1\" content=\"1 minute\" \/>\n<script type=\"application\/ld+json\" class=\"yoast-schema-graph\">{\"@context\":\"https:\/\/schema.org\",\"@graph\":[{\"@type\":\"WebPage\",\"@id\":\"http:\/\/www.noda.archi\/fr\/projects\/\",\"url\":\"http:\/\/www.noda.archi\/fr\/projects\/\",\"name\":\"[:fr]projets[:en]projects[:] - NODA\",\"isPartOf\":{\"@id\":\"http:\/\/www.noda.archi\/fr\/#website\"},\"datePublished\":\"2016-04-13T10:23:47+00:00\",\"dateModified\":\"2024-04-02T11:02:26+00:00\",\"breadcrumb\":{\"@id\":\"http:\/\/www.noda.archi\/fr\/projects\/#breadcrumb\"},\"inLanguage\":\"fr-FR\",\"potentialAction\":[{\"@type\":\"ReadAction\",\"target\":[\"http:\/\/www.noda.archi\/fr\/projects\/\"]}]},{\"@type\":\"BreadcrumbList\",\"@id\":\"http:\/\/www.noda.archi\/fr\/projects\/#breadcrumb\",\"itemListElement\":[{\"@type\":\"ListItem\",\"position\":1,\"name\":\"Accueil\",\"item\":\"https:\/\/www.noda.archi\/fr\/\"},{\"@type\":\"ListItem\",\"position\":2,\"name\":\"projets\"}]},{\"@type\":\"WebSite\",\"@id\":\"http:\/\/www.noda.archi\/fr\/#website\",\"url\":\"http:\/\/www.noda.archi\/fr\/\",\"name\":\"NODA\",\"description\":\"design + architecture\",\"publisher\":{\"@id\":\"http:\/\/www.noda.archi\/fr\/#organization\"},\"potentialAction\":[{\"@type\":\"SearchAction\",\"target\":{\"@type\":\"EntryPoint\",\"urlTemplate\":\"http:\/\/www.noda.archi\/fr\/?s={search_term_string}\"},\"query-input\":{\"@type\":\"PropertyValueSpecification\",\"valueRequired\":true,\"valueName\":\"search_term_string\"}}],\"inLanguage\":\"fr-FR\"},{\"@type\":\"Organization\",\"@id\":\"http:\/\/www.noda.archi\/fr\/#organization\",\"name\":\"NODA\",\"url\":\"http:\/\/www.noda.archi\/fr\/\",\"logo\":{\"@type\":\"ImageObject\",\"inLanguage\":\"fr-FR\",\"@id\":\"http:\/\/www.noda.archi\/fr\/#\/schema\/logo\/image\/\",\"url\":\"http:\/\/www.noda.archi\/wp-content\/uploads\/2016\/06\/LOGO-NODA-1.png\",\"contentUrl\":\"http:\/\/www.noda.archi\/wp-content\/uploads\/2016\/06\/LOGO-NODA-1.png\",\"width\":1772,\"height\":627,\"caption\":\"NODA\"},\"image\":{\"@id\":\"http:\/\/www.noda.archi\/fr\/#\/schema\/logo\/image\/\"}}]}<\/script>\n<!-- \/ Yoast SEO plugin. -->","yoast_head_json":{"title":"[:fr]projets[:en]projects[:] - NODA","robots":{"index":"index","follow":"follow","max-snippet":"max-snippet:-1","max-image-preview":"max-image-preview:large","max-video-preview":"max-video-preview:-1"},"canonical":"http:\/\/www.noda.archi\/fr\/projects\/","og_locale":"fr_FR","og_type":"article","og_title":"[:fr]projets[:en]projects[:] - NODA","og_description":"D\u00e9sol\u00e9, cet article est seulement disponible en anglais am\u00e9ricain. Pour le confort de l\u2019utilisateur, le contenu est affich\u00e9 ci-dessous dans une autre langue. Vous pouvez cliquer le lien pour changer de langue active.[vc_row full_width=\u00a0\u00bbstretch_row_content_no_spaces\u00a0\u00bb][vc_column][vc_basic_grid post_type=\u00a0\u00bbportfolio\u00a0\u00bb max_items=\u00a0\u00bb-1&Prime; show_filter=\u00a0\u00bbyes\u00a0\u00bb element_width=\u00a0\u00bb3&Prime; gap=\u00a0\u00bb0&Prime; filter_style=\u00a0\u00bbbordered\u00a0\u00bb","og_url":"http:\/\/www.noda.archi\/fr\/projects\/","og_site_name":"NODA","article_modified_time":"2024-04-02T11:02:26+00:00","twitter_card":"summary_large_image","twitter_misc":{"Dur\u00e9e de lecture estim\u00e9e":"1 minute"},"schema":{"@context":"https:\/\/schema.org","@graph":[{"@type":"WebPage","@id":"http:\/\/www.noda.archi\/fr\/projects\/","url":"http:\/\/www.noda.archi\/fr\/projects\/","name":"[:fr]projets[:en]projects[:] - NODA","isPartOf":{"@id":"http:\/\/www.noda.archi\/fr\/#website"},"datePublished":"2016-04-13T10:23:47+00:00","dateModified":"2024-04-02T11:02:26+00:00","breadcrumb":{"@id":"http:\/\/www.noda.archi\/fr\/projects\/#breadcrumb"},"inLanguage":"fr-FR","potentialAction":[{"@type":"ReadAction","target":["http:\/\/www.noda.archi\/fr\/projects\/"]}]},{"@type":"BreadcrumbList","@id":"http:\/\/www.noda.archi\/fr\/projects\/#breadcrumb","itemListElement":[{"@type":"ListItem","position":1,"name":"Accueil","item":"https:\/\/www.noda.archi\/fr\/"},{"@type":"ListItem","position":2,"name":"projets"}]},{"@type":"WebSite","@id":"http:\/\/www.noda.archi\/fr\/#website","url":"http:\/\/www.noda.archi\/fr\/","name":"NODA","description":"design + architecture","publisher":{"@id":"http:\/\/www.noda.archi\/fr\/#organization"},"potentialAction":[{"@type":"SearchAction","target":{"@type":"EntryPoint","urlTemplate":"http:\/\/www.noda.archi\/fr\/?s={search_term_string}"},"query-input":{"@type":"PropertyValueSpecification","valueRequired":true,"valueName":"search_term_string"}}],"inLanguage":"fr-FR"},{"@type":"Organization","@id":"http:\/\/www.noda.archi\/fr\/#organization","name":"NODA","url":"http:\/\/www.noda.archi\/fr\/","logo":{"@type":"ImageObject","inLanguage":"fr-FR","@id":"http:\/\/www.noda.archi\/fr\/#\/schema\/logo\/image\/","url":"http:\/\/www.noda.archi\/wp-content\/uploads\/2016\/06\/LOGO-NODA-1.png","contentUrl":"http:\/\/www.noda.archi\/wp-content\/uploads\/2016\/06\/LOGO-NODA-1.png","width":1772,"height":627,"caption":"NODA"},"image":{"@id":"http:\/\/www.noda.archi\/fr\/#\/schema\/logo\/image\/"}}]}},"_links":{"self":[{"href":"https:\/\/www.noda.archi\/fr\/wp-json\/wp\/v2\/pages\/101"}],"collection":[{"href":"https:\/\/www.noda.archi\/fr\/wp-json\/wp\/v2\/pages"}],"about":[{"href":"https:\/\/www.noda.archi\/fr\/wp-json\/wp\/v2\/types\/page"}],"author":[{"embeddable":true,"href":"https:\/\/www.noda.archi\/fr\/wp-json\/wp\/v2\/users\/1"}],"replies":[{"embeddable":true,"href":"https:\/\/www.noda.archi\/fr\/wp-json\/wp\/v2\/comments?post=101"}],"version-history":[{"count":72,"href":"https:\/\/www.noda.archi\/fr\/wp-json\/wp\/v2\/pages\/101\/revisions"}],"predecessor-version":[{"id":1906,"href":"https:\/\/www.noda.archi\/fr\/wp-json\/wp\/v2\/pages\/101\/revisions\/1906"}],"wp:attachment":[{"href":"https:\/\/www.noda.archi\/fr\/wp-json\/wp\/v2\/media?parent=101"}],"curies":[{"name":"wp","href":"https:\/\/api.w.org\/{rel}","templated":true}]}}